{"id":5738,"date":"2023-05-31T18:02:49","date_gmt":"2023-06-01T00:02:49","guid":{"rendered":"https:\/\/contactoempresarial.com\/gestion-procesos\/?page_id=5738"},"modified":"2023-06-19T15:17:10","modified_gmt":"2023-06-19T21:17:10","slug":"planes","status":"publish","type":"page","link":"https:\/\/contactoempresarial.com\/gestion-procesos\/planes\/","title":{"rendered":"Bid Tracker"},"content":{"rendered":"<p>[vc_row content_placement=&#8221;middle&#8221;][vc_column width=&#8221;1\/2&#8243;][vc_single_image image=&#8221;5740&#8243; img_size=&#8221;full&#8221;][\/vc_column][vc_column width=&#8221;1\/2&#8243; css=&#8221;.vc_custom_1685581862781{padding-left: 8% !important;}&#8221;][vc_custom_heading text=&#8221;Bid<br \/>\nTracker&#8221; font_container=&#8221;tag:h2|font_size:4.2em|text_align:left|color:%23434f58|line_height:1em&#8221; use_theme_fonts=&#8221;yes&#8221; el_class=&#8221;titleArial&#8221;][vc_column_text el_class=&#8221;textArial&#8221;]<\/p>\n<p style=\"text-align: justify;\"><span style=\"color: #434f58;\">Es una plataforma que monitorea, identifica y te informa en tiempo real sobre las compras p\u00fablicas de los gobiernos en los sectores econ\u00f3micos de tu inter\u00e9s en diferentes pa\u00edses de Am\u00e9rica Latina.<\/span><\/p>\n<p>[\/vc_column_text][\/vc_column][\/vc_row][vc_row][vc_column width=&#8221;1\/3&#8243; el_class=&#8221;boxshadow&#8221; css=&#8221;.vc_custom_1685667026296{padding-top: 50px !important;padding-bottom: 45px !important;}&#8221;][vc_single_image image=&#8221;5744&#8243; img_size=&#8221;full&#8221; alignment=&#8221;center&#8221;][vc_custom_heading text=&#8221;Informaci\u00f3n en tiempo real sobre las<br \/>\ncompras p\u00fablicas&#8221; font_container=&#8221;tag:p|font_size:1.5em|text_align:center|color:%23343d45&#8243; use_theme_fonts=&#8221;yes&#8221;][\/vc_column][vc_column width=&#8221;1\/3&#8243; el_class=&#8221;boxshadow&#8221; css=&#8221;.vc_custom_1685664489422{padding-top: 50px !important;padding-bottom: 50px !important;background-color: #343d45 !important;}&#8221;][vc_single_image image=&#8221;5745&#8243; img_size=&#8221;full&#8221; alignment=&#8221;center&#8221;][vc_custom_heading text=&#8221;Asesor\u00edas individualizadas sobre las licitaciones de tu elecci\u00f3n&#8221; font_container=&#8221;tag:p|font_size:1.5em|text_align:center|color:%23ffffff&#8221; use_theme_fonts=&#8221;yes&#8221;][\/vc_column][vc_column width=&#8221;1\/3&#8243; el_class=&#8221;boxshadow&#8221; css=&#8221;.vc_custom_1685664497755{padding-top: 50px !important;padding-bottom: 50px !important;}&#8221;][vc_single_image image=&#8221;5746&#8243; img_size=&#8221;full&#8221; alignment=&#8221;center&#8221;][vc_custom_heading text=&#8221;Accede directamente a la web y encuentra la licitaci\u00f3n que m\u00e1s convenga a tu inter\u00e9s&#8221; font_container=&#8221;tag:p|font_size:1.5em|text_align:center|color:%23343d45&#8243; use_theme_fonts=&#8221;yes&#8221;][\/vc_column][\/vc_row][vc_row content_placement=&#8221;middle&#8221; css=&#8221;.vc_custom_1685668135268{margin-top: 30px !important;}&#8221;][vc_column width=&#8221;7\/12&#8243;][vc_single_image image=&#8221;5763&#8243; img_size=&#8221;full&#8221;][\/vc_column][vc_column width=&#8221;5\/12&#8243; css=&#8221;.vc_custom_1685581862781{padding-left: 8% !important;}&#8221;][vc_custom_heading text=&#8221;Notificaciones&#8221; font_container=&#8221;tag:h2|font_size:3.8em|text_align:left|color:%23434f58|line_height:1em&#8221; use_theme_fonts=&#8221;yes&#8221; el_class=&#8221;titleArial&#8221;][vc_column_text el_class=&#8221;textArial&#8221;]<\/p>\n<p style=\"text-align: justify;\"><span style=\"color: #434f58;\">Recibe notificaciones por correo electr\u00f3nico, de las licitaciones de tu inter\u00e9s.<\/span><\/p>\n<p>[\/vc_column_text][vc_btn title=&#8221;Comienza ahora&#8221; shape=&#8221;round&#8221; color=&#8221;orange&#8221; el_class=&#8221;orangeButton&#8221; link=&#8221;url:https%3A%2F%2Fcontactoempresarial.com%2Fgestion-procesos%2Fregistro-starter%2F|||&#8221;][\/vc_column][\/vc_row][vc_row content_placement=&#8221;middle&#8221; css=&#8221;.vc_custom_1685668135268{margin-top: 30px !important;}&#8221;][vc_column width=&#8221;5\/12&#8243; css=&#8221;.vc_custom_1685668304904{padding-right: 8% !important;}&#8221;][vc_custom_heading text=&#8221;B\u00fasquedas&#8221; font_container=&#8221;tag:h2|font_size:3.8em|text_align:right|color:%23434f58|line_height:1em&#8221; use_theme_fonts=&#8221;yes&#8221; el_class=&#8221;titleArial&#8221;][vc_column_text el_class=&#8221;textArial&#8221;]<\/p>\n<p style=\"text-align: right;\">Consulta procesos de tu inter\u00e9s, de diferentes pa\u00edses y categor\u00edas en nuestro buscador avanzado.<\/p>\n<p>[\/vc_column_text][vc_btn title=&#8221;Comienza ahora&#8221; shape=&#8221;round&#8221; color=&#8221;orange&#8221; align=&#8221;right&#8221; el_class=&#8221;orangeButton&#8221; link=&#8221;url:https%3A%2F%2Fcontactoempresarial.com%2Fgestion-procesos%2Fregistro-starter%2F|||&#8221;][\/vc_column][vc_column width=&#8221;7\/12&#8243;][vc_single_image image=&#8221;5771&#8243; img_size=&#8221;full&#8221; alignment=&#8221;right&#8221;][\/vc_column][\/vc_row][vc_row el_class=&#8221;TextureAside&#8221; css=&#8221;.vc_custom_1685668911761{background-color: #343d45 !important;}&#8221;][vc_column][vc_custom_heading text=&#8221;\u00bfAlgo especial?&#8221; font_container=&#8221;tag:h2|font_size:3.8em|text_align:center|color:%23ffffff|line_height:1em&#8221; use_theme_fonts=&#8221;yes&#8221; el_class=&#8221;titleArial&#8221; css=&#8221;.vc_custom_1685668585339{margin-bottom: 15px !important;}&#8221;][vc_column_text el_class=&#8221;textArial white&#8221;]<\/p>\n<p style=\"text-align: center;\"><span style=\"color: #ffffff;\">Adquiere tu plan AHORA y recibe un mes completamente \u00a1GRATIS!<\/span><\/p>\n<p>[\/vc_column_text][\/vc_column][\/vc_row][vc_row][vc_column width=&#8221;1\/3&#8243; css=&#8221;.vc_custom_1685670612905{padding-top: 10px !important;padding-right: 5% !important;padding-bottom: 10px !important;padding-left: 5% !important;border-radius: 35px !important;}&#8221; el_class=&#8221;priceBox&#8221;][vc_custom_heading text=&#8221;INICIAL&#8221; font_container=&#8221;tag:h2|font_size:2.3em|text_align:center|color:%23343d45|line_height:1em&#8221; use_theme_fonts=&#8221;yes&#8221; el_class=&#8221;titleArial&#8221; css=&#8221;.vc_custom_1685670288548{margin-bottom: 20px !important;}&#8221;][vc_custom_heading text=&#8221;$4.99&#8243; font_container=&#8221;tag:h2|font_size:1.8em|text_align:center|color:%23fd7400|line_height:1em&#8221; use_theme_fonts=&#8221;yes&#8221; el_class=&#8221;titleArial&#8221; css=&#8221;.vc_custom_1685669470635{margin-bottom: 15px !important;}&#8221;][vc_custom_heading text=&#8221;mensuales&#8221; font_container=&#8221;tag:h2|font_size:1.8em|text_align:center|color:%23343d45|line_height:1em&#8221; use_theme_fonts=&#8221;yes&#8221; el_class=&#8221;titleArial&#8221; css=&#8221;.vc_custom_1685670281633{margin-bottom: 20px !important;}&#8221;][vc_btn title=&#8221;Comienza ahora&#8221; shape=&#8221;round&#8221; color=&#8221;orange&#8221; align=&#8221;center&#8221; el_class=&#8221;orangeButton&#8221; css=&#8221;.vc_custom_1685672171143{margin-bottom: 50px !important;}&#8221; link=&#8221;url:https%3A%2F%2Fcontactoempresarial.com%2Fgestion-procesos%2Fregistro-starter%2F|||&#8221;][vc_column_text el_class=&#8221;textArial&#8221;]<\/p>\n<p style=\"text-align: left;\">Monitoreo de licitaciones en Latinoam\u00e9rica.<\/p>\n<p>[\/vc_column_text][vc_column_text el_class=&#8221;textArial&#8221;]<\/p>\n<p style=\"text-align: left;\">Alertas por correo electr\u00f3nico en los rubros de tu inter\u00e9s.<\/p>\n<p>[\/vc_column_text][vc_column_text el_class=&#8221;textArial&#8221;]<\/p>\n<p style=\"text-align: left;\">Acceso a historial de procesos.<\/p>\n<p>[\/vc_column_text][\/vc_column][vc_column width=&#8221;1\/3&#8243; el_class=&#8221;priceBox&#8221;][vc_custom_heading text=&#8221;AVANZADO&#8221; font_container=&#8221;tag:h2|font_size:2.3em|text_align:center|color:%23343d45|line_height:1em&#8221; use_theme_fonts=&#8221;yes&#8221; el_class=&#8221;titleArial&#8221; css=&#8221;.vc_custom_1685670651653{margin-bottom: 20px !important;}&#8221;][vc_custom_heading text=&#8221;$28.99&#8243; font_container=&#8221;tag:h2|font_size:1.8em|text_align:center|color:%23fd7400|line_height:1em&#8221; use_theme_fonts=&#8221;yes&#8221; el_class=&#8221;titleArial&#8221; css=&#8221;.vc_custom_1685670679920{margin-bottom: 15px !important;}&#8221;][vc_custom_heading text=&#8221;semestrales&#8221; font_container=&#8221;tag:h2|font_size:1.8em|text_align:center|color:%23343d45|line_height:1em&#8221; use_theme_fonts=&#8221;yes&#8221; el_class=&#8221;titleArial&#8221; css=&#8221;.vc_custom_1685670690553{margin-bottom: 20px !important;}&#8221;][vc_btn title=&#8221;Comienza ahora&#8221; shape=&#8221;round&#8221; color=&#8221;orange&#8221; align=&#8221;center&#8221; el_class=&#8221;orangeButton&#8221; css=&#8221;.vc_custom_1685672178277{margin-bottom: 50px !important;}&#8221; link=&#8221;url:https%3A%2F%2Fcontactoempresarial.com%2Fgestion-procesos%2Fregistro-advance%2F|||&#8221;][vc_column_text el_class=&#8221;textArial&#8221;]<\/p>\n<p style=\"text-align: left;\">Monitoreo de licitaciones en Latinoam\u00e9rica.<\/p>\n<p>[\/vc_column_text][vc_column_text el_class=&#8221;textArial&#8221;]<\/p>\n<p style=\"text-align: left;\">Alertas por correo electr\u00f3nico en los rubros de tu inter\u00e9s.<\/p>\n<p>[\/vc_column_text][vc_column_text el_class=&#8221;textArial&#8221;]<\/p>\n<p style=\"text-align: left;\">Acceso a historial de procesos.<\/p>\n<p>[\/vc_column_text][vc_column_text el_class=&#8221;textArial&#8221;]<\/p>\n<p style=\"text-align: left;\"><strong><span style=\"color: #ff6600;\">3 asesor\u00edas individualizadas sobre la licitaci\u00f3n de tu elecci\u00f3n.<\/span><\/strong><\/p>\n<p>[\/vc_column_text][\/vc_column][vc_column width=&#8221;1\/3&#8243; el_class=&#8221;priceBox orange&#8221;][vc_custom_heading text=&#8221;ILIMITADO&#8221; font_container=&#8221;tag:h2|font_size:2.3em|text_align:center|color:%23343d45|line_height:1em&#8221; use_theme_fonts=&#8221;yes&#8221; el_class=&#8221;titleArial&#8221; css=&#8221;.vc_custom_1685671183546{margin-bottom: 20px !important;}&#8221;][vc_custom_heading text=&#8221;$54.99&#8243; font_container=&#8221;tag:h2|font_size:1.8em|text_align:center|color:%23fd7400|line_height:1em&#8221; use_theme_fonts=&#8221;yes&#8221; el_class=&#8221;titleArial&#8221; css=&#8221;.vc_custom_1685671205995{margin-bottom: 15px !important;}&#8221;][vc_custom_heading text=&#8221;anuales&#8221; font_container=&#8221;tag:h2|font_size:1.8em|text_align:center|color:%23343d45|line_height:1em&#8221; use_theme_fonts=&#8221;yes&#8221; el_class=&#8221;titleArial&#8221; css=&#8221;.vc_custom_1685671214612{margin-bottom: 20px !important;}&#8221;][vc_btn title=&#8221;Comienza ahora&#8221; shape=&#8221;round&#8221; color=&#8221;orange&#8221; align=&#8221;center&#8221; el_class=&#8221;orangeButton&#8221; css=&#8221;.vc_custom_1685672192143{margin-bottom: 50px !important;}&#8221; link=&#8221;url:https%3A%2F%2Fcontactoempresarial.com%2Fgestion-procesos%2Fregistro%2F|||&#8221;][vc_column_text el_class=&#8221;textArial&#8221;]<\/p>\n<p style=\"text-align: left;\">Monitoreo de licitaciones en Latinoam\u00e9rica.<\/p>\n<p>[\/vc_column_text][vc_column_text el_class=&#8221;textArial&#8221;]<\/p>\n<p style=\"text-align: left;\">Alertas por correo electr\u00f3nico en los rubros de tu inter\u00e9s.<\/p>\n<p>[\/vc_column_text][vc_column_text el_class=&#8221;textArial&#8221;]<\/p>\n<p style=\"text-align: left;\">Acceso a historial de procesos.<\/p>\n<p>[\/vc_column_text][vc_column_text el_class=&#8221;textArial&#8221;]<\/p>\n<p style=\"text-align: left;\"><strong><span style=\"color: #ff6600;\">5 asesor\u00edas individualizadas sobre la licitaci\u00f3n de tu elecci\u00f3n.<\/span><\/strong><\/p>\n<p>[\/vc_column_text][\/vc_column][\/vc_row][vc_row el_class=&#8221;TextureAside orange&#8221; css=&#8221;.vc_custom_1685671917672{background-color: #fd7400 !important;}&#8221;][vc_column][vc_custom_heading text=&#8221;Conoce todos los servicios de Contacto Empresarial&#8221; font_container=&#8221;tag:h2|font_size:2.4em|text_align:center|color:%23ffffff|line_height:1em&#8221; use_theme_fonts=&#8221;yes&#8221; el_class=&#8221;titleArial&#8221; css=&#8221;.vc_custom_1685671987449{margin-bottom: 25px !important;}&#8221;][vc_btn title=&#8221;Ver ahora&#8221; shape=&#8221;round&#8221; color=&#8221;orange&#8221; align=&#8221;center&#8221; el_class=&#8221;orangeButton blue&#8221; css=&#8221;.vc_custom_1685672146726{margin-bottom: 50px !important;}&#8221; link=&#8221;url:https%3A%2F%2Fcontactoempresarial.com%2F%23Servicios|||&#8221;][\/vc_column][\/vc_row]<\/p>\n","protected":false},"excerpt":{"rendered":"<p>[vc_row content_placement=&#8221;middle&#8221;][vc_column<\/p>\n","protected":false},"author":1,"featured_media":0,"parent":0,"menu_order":0,"comment_status":"closed","ping_status":"closed","template":"","meta":{"arc_restricted_post":false,"wpupg_custom_link":[],"wpupg_custom_link_behaviour":["default"],"wpupg_custom_image":[],"wpupg_custom_image_id":[],"footnotes":""},"class_list":["post-5738","page","type-page","status-publish","hentry"],"acf":[],"_links":{"self":[{"href":"https:\/\/contactoempresarial.com\/gestion-procesos\/wp-json\/wp\/v2\/pages\/5738","targetHints":{"allow":["GET"]}}],"collection":[{"href":"https:\/\/contactoempresarial.com\/gestion-procesos\/wp-json\/wp\/v2\/pages"}],"about":[{"href":"https:\/\/contactoempresarial.com\/gestion-procesos\/wp-json\/wp\/v2\/types\/page"}],"author":[{"embeddable":true,"href":"https:\/\/contactoempresarial.com\/gestion-procesos\/wp-json\/wp\/v2\/users\/1"}],"replies":[{"embeddable":true,"href":"https:\/\/contactoempresarial.com\/gestion-procesos\/wp-json\/wp\/v2\/comments?post=5738"}],"version-history":[{"count":40,"href":"https:\/\/contactoempresarial.com\/gestion-procesos\/wp-json\/wp\/v2\/pages\/5738\/revisions"}],"predecessor-version":[{"id":5878,"href":"https:\/\/contactoempresarial.com\/gestion-procesos\/wp-json\/wp\/v2\/pages\/5738\/revisions\/5878"}],"wp:attachment":[{"href":"https:\/\/contactoempresarial.com\/gestion-procesos\/wp-json\/wp\/v2\/media?parent=5738"}],"curies":[{"name":"wp","href":"https:\/\/api.w.org\/{rel}","templated":true}]}}